{"id":1393,"date":"2024-01-10T08:45:41","date_gmt":"2024-01-10T08:45:41","guid":{"rendered":"https:\/\/www.proptradingscam.com\/?page_id=1393"},"modified":"2024-02-16T16:37:55","modified_gmt":"2024-02-16T16:37:55","slug":"firma","status":"publish","type":"page","link":"https:\/\/www.proptradingscam.com\/de\/definition\/firma\/","title":{"rendered":"Was ist eine Prop Trading Firma?"},"content":{"rendered":"<p>Prop Trading Firmen haben sich in <strong>den zur\u00fcckliegenden Jahren am Finanzmarkt mit ihrem Gesch\u00e4ftsmodell durchgesetzt<\/strong>. Diese Firmen sind Eigengeldh\u00e4ndler, die beim Trading mit externen H\u00e4ndlern (Prop Tradern) zusammenarbeiten.<\/p>\n<p><u>Doch was ist eine Prop Trading Firma eigentlich und wie verdient diese Geld?<\/u><\/p>\n<p>Ich <strong>zeige Ihnen in diesem Ratgeber wie eine Prop Trading Firma arbeitet<\/strong> und welche Chancen und M\u00f6glichkeiten sich aus dem Gesch\u00e4ftsmodell daraus f\u00fcr Sie ergeben.<\/p>\n<div id=\"ez-toc-container\" class=\"ez-toc-v2_0_81 ez-toc-wrap-center counter-hierarchy ez-toc-counter ez-toc-grey ez-toc-container-direction\">\n<p class=\"ez-toc-title\" style=\"cursor:inherit\">Inhaltsverzeichnis<\/p>\n<label for=\"ez-toc-cssicon-toggle-item-69e0928ec3bea\" class=\"ez-toc-cssicon-toggle-label\"><span class=\"ez-toc-cssicon\"><span class=\"eztoc-hide\" style=\"display:none;\">Toggle<\/span><span class=\"ez-toc-icon-toggle-span\"><svg style=\"fill: #999;color:#999\" xmlns=\"http:\/\/www.w3.org\/2000\/svg\" class=\"list-377408\" width=\"20px\" height=\"20px\" viewBox=\"0 0 24 24\" fill=\"none\"><path d=\"M6 6H4v2h2V6zm14 0H8v2h12V6zM4 11h2v2H4v-2zm16 0H8v2h12v-2zM4 16h2v2H4v-2zm16 0H8v2h12v-2z\" fill=\"currentColor\"><\/path><\/svg><svg style=\"fill: #999;color:#999\" class=\"arrow-unsorted-368013\" xmlns=\"http:\/\/www.w3.org\/2000\/svg\" width=\"10px\" height=\"10px\" viewBox=\"0 0 24 24\" version=\"1.2\" baseProfile=\"tiny\"><path d=\"M18.2 9.3l-6.2-6.3-6.2 6.3c-.2.2-.3.4-.3.7s.1.5.3.7c.2.2.4.3.7.3h11c.3 0 .5-.1.7-.3.2-.2.3-.5.3-.7s-.1-.5-.3-.7zM5.8 14.7l6.2 6.3 6.2-6.3c.2-.2.3-.5.3-.7s-.1-.5-.3-.7c-.2-.2-.4-.3-.7-.3h-11c-.3 0-.5.1-.7.3-.2.2-.3.5-.3.7s.1.5.3.7z\"\/><\/svg><\/span><\/span><\/label><input type=\"checkbox\"  id=\"ez-toc-cssicon-toggle-item-69e0928ec3bea\" checked aria-label=\"Toggle\" \/><nav><ul class='ez-toc-list ez-toc-list-level-1 ' ><li class='ez-toc-page-1 ez-toc-heading-level-2'><a class=\"ez-toc-link ez-toc-heading-1\" href=\"https:\/\/www.proptradingscam.com\/de\/definition\/firma\/#auf-einen-blick\" >Auf einen Blick<\/a><\/li><li class='ez-toc-page-1 ez-toc-heading-level-2'><a class=\"ez-toc-link ez-toc-heading-2\" href=\"https:\/\/www.proptradingscam.com\/de\/definition\/firma\/#das-angebot-der-prop-trading-firmen\" >Das Angebot der Prop Trading Firmen<\/a><\/li><li class='ez-toc-page-1 ez-toc-heading-level-2'><a class=\"ez-toc-link ez-toc-heading-3\" href=\"https:\/\/www.proptradingscam.com\/de\/definition\/firma\/#die-arten-von-prop-trading-unternehmen\" >Die Arten von Prop Trading Unternehmen<\/a><ul class='ez-toc-list-level-3' ><li class='ez-toc-heading-level-3'><a class=\"ez-toc-link ez-toc-heading-4\" href=\"https:\/\/www.proptradingscam.com\/de\/definition\/firma\/#recruiter\" >Recruiter<\/a><\/li><li class='ez-toc-page-1 ez-toc-heading-level-3'><a class=\"ez-toc-link ez-toc-heading-5\" href=\"https:\/\/www.proptradingscam.com\/de\/definition\/firma\/#geschlossene-firmen\" >Geschlossene Firmen<\/a><\/li><\/ul><\/li><li class='ez-toc-page-1 ez-toc-heading-level-2'><a class=\"ez-toc-link ez-toc-heading-6\" href=\"https:\/\/www.proptradingscam.com\/de\/definition\/firma\/#so-verdienen-prop-trading-anbieter-geld\" >So verdienen Prop Trading Anbieter Geld<\/a><ul class='ez-toc-list-level-3' ><li class='ez-toc-heading-level-3'><a class=\"ez-toc-link ez-toc-heading-7\" href=\"https:\/\/www.proptradingscam.com\/de\/definition\/firma\/#prop-trading-firmen-eigengeldhaendler\" >Prop Trading Firmen = Eigengeldh\u00e4ndler<\/a><\/li><li class='ez-toc-page-1 ez-toc-heading-level-3'><a class=\"ez-toc-link ez-toc-heading-8\" href=\"https:\/\/www.proptradingscam.com\/de\/definition\/firma\/#die-zusammenarbeit-mit-brokern\" >Die Zusammenarbeit mit Brokern<\/a><\/li><\/ul><\/li><li class='ez-toc-page-1 ez-toc-heading-level-2'><a class=\"ez-toc-link ez-toc-heading-9\" href=\"https:\/\/www.proptradingscam.com\/de\/definition\/firma\/#eigene-prop-trading-firma-in-deutschland-gruenden-legal-oder-nicht\" >Eigene Prop Trading Firma in Deutschland gr\u00fcnden: legal oder nicht?<\/a><ul class='ez-toc-list-level-3' ><li class='ez-toc-heading-level-3'><a class=\"ez-toc-link ez-toc-heading-10\" href=\"https:\/\/www.proptradingscam.com\/de\/definition\/firma\/#die-rechtslage-in-anderen-laendern\" >Die Rechtslage in anderen L\u00e4ndern<\/a><\/li><\/ul><\/li><li class='ez-toc-page-1 ez-toc-heading-level-2'><a class=\"ez-toc-link ez-toc-heading-11\" href=\"https:\/\/www.proptradingscam.com\/de\/definition\/firma\/#die-vorteile-der-prop-trading-firmen-im-angloamerikanischen-raum\" >Die Vorteile der Prop Trading Firmen im angloamerikanischen Raum<\/a><\/li><li class='ez-toc-page-1 ez-toc-heading-level-2'><a class=\"ez-toc-link ez-toc-heading-12\" href=\"https:\/\/www.proptradingscam.com\/de\/definition\/firma\/#exkurs-so-finden-die-beste-prop-trading-firma\" >Exkurs: So finden die beste Prop Trading Firma<\/a><\/li><li class='ez-toc-page-1 ez-toc-heading-level-2'><a class=\"ez-toc-link ez-toc-heading-13\" href=\"https:\/\/www.proptradingscam.com\/de\/definition\/firma\/#fazit\" >Fazit<\/a><\/li><li class='ez-toc-page-1 ez-toc-heading-level-2'><a class=\"ez-toc-link ez-toc-heading-14\" href=\"https:\/\/www.proptradingscam.com\/de\/definition\/firma\/#faqs\" >FAQs<\/a><ul class='ez-toc-list-level-3' ><li class='ez-toc-heading-level-3'><a class=\"ez-toc-link ez-toc-heading-15\" href=\"https:\/\/www.proptradingscam.com\/de\/definition\/firma\/#arbeitet-eine-prop-trading-firma-mit-eigen-oder-fremdkapital\" >Arbeitet eine Prop Trading Firma mit Eigen- oder Fremdkapital?<\/a><\/li><li class='ez-toc-page-1 ez-toc-heading-level-3'><a class=\"ez-toc-link ez-toc-heading-16\" href=\"https:\/\/www.proptradingscam.com\/de\/definition\/firma\/#welche-beiden-geschaeftsmodelle-der-prop-trading-unternehmen-gibt-es\" >Welche beiden Gesch\u00e4ftsmodelle der Prop Trading Unternehmen gibt es?<\/a><\/li><li class='ez-toc-page-1 ez-toc-heading-level-3'><a class=\"ez-toc-link ez-toc-heading-17\" href=\"https:\/\/www.proptradingscam.com\/de\/definition\/firma\/#warum-gibt-es-keine-prop-trading-firmen-in-deutschland\" >Warum gibt es keine Prop Trading Firmen in Deutschland?<\/a><\/li><li class='ez-toc-page-1 ez-toc-heading-level-3'><a class=\"ez-toc-link ez-toc-heading-18\" href=\"https:\/\/www.proptradingscam.com\/de\/definition\/firma\/#arbeiten-prop-trading-unternehmen-mit-brokern-zusammen\" >Arbeiten Prop Trading Unternehmen mit Brokern zusammen?<\/a><\/li><li class='ez-toc-page-1 ez-toc-heading-level-3'><a class=\"ez-toc-link ez-toc-heading-19\" href=\"https:\/\/www.proptradingscam.com\/de\/definition\/firma\/#wie-sichert-eine-prop-trading-firma-ihre-geschaefte-ab\" >Wie sichert eine Prop Trading Firma ihre Gesch\u00e4fte ab?<\/a><\/li><\/ul><\/li><\/ul><\/nav><\/div>\n\n<h2><span class=\"ez-toc-section\" id=\"auf-einen-blick\"><\/span>Auf einen Blick<span class=\"ez-toc-section-end\"><\/span><\/h2>\n<ul>\n<li>Jede Prop Trading Firma versucht mit ihren Eigenheiten und Gesch\u00e4ftsbedingungen bei den potentiellen Prop Tradern zu \u00fcberzeugen. Grunds\u00e4tzlich gibt es <u>zwei Arten Proprietary Trading Firmen, die Recruiter und die geschlossenen Unternehmen<\/u><\/li>\n<li>Prop Trading Firmen sind nicht mit Brokern oder Fonds zu vergleichen. Sie arbeiten nicht mit dem Geld von Dritten. Sie nehmen <u>kein Fremdkapital an, sondern treten als Eigengeldh\u00e4ndler auf<\/u><\/li>\n<li>Ich werde folgend <u>die unterschiedlichen Prop Trading Firmen beschreiben und dabei aufzeigen, wie diese Geld verdienen<\/u>. Gleichzeitig werde ich auch die Rechtslage in der Prop-Trading Anbieter in Deutschland und in anderen L\u00e4ndern eingehen. Des Weiteren schneide ich Ihre Vorteile an, weise aber auch auf das eine oder andere Risiko hin<\/li>\n<\/ul>\n<h2><span class=\"ez-toc-section\" id=\"das-angebot-der-prop-trading-firmen\"><\/span>Das Angebot der Prop Trading Firmen<span class=\"ez-toc-section-end\"><\/span><\/h2>\n<p>Die Frage \u2013 <a href=\"#so-verdienen-prop-trading-anbieter-geld\">wie verdient eine Prop Trading Firma Geld<\/a> \u2013 kann eingangs erst einmal sehr pauschal und einfach beantwortet werden. Ein Prop Trading Anbieter handelt an der B\u00f6rse und sch\u00f6pft daraus ihre Gewinne. Der entscheidende Punkt in der <strong>Beschreibung der Prop Trading Firmen ist, dass diese immer mit Eigenkapital agieren<\/strong>. Die eingesetzten Gelder sind kein Sonderverm\u00f6gen, also kein Fremdkapital. Richtig ist lediglich, dass die Prop Trading Firmen meist Finanzpartner im Hintergrund haben, die sich mit ihren Geldern am Unternehmen beteiligen. Die Direkt-Investitionen der Partner werden zu Eigenkapital.<\/p>\n<p>Die Prop Trading Firmen f\u00fchren die Trades (Investitionen) an der B\u00f6rse aber nicht selbst (oder mit angestellten Mitarbeitern) aus. <strong>Sie nutzen das Fachwissen von Experten<\/strong>. Die Rede ist von den Prop Tradern, die f\u00fcr das Unternehmen t\u00e4tig werden. Die erzielten Gewinne werden dann \u00fcber die Splits zwischen Firma und Prop Trader aufgeteilt. Die gro\u00dfe \u00dcberzahl der Prop Trading Firmen setzt auf Daytrading Gesch\u00e4fte. Es gibt aber Ausnahmen. Sie sollten sich vor dem Einstieg die Rahmenbedingungen der Prop Trading Anbieter immer sehr genau durchlesen und dessen Bedeutung verstehen.<\/p>\n<p>Aus Sicht des Traders sind bei den Prop Trading Firmen mehrere Punkte zu beachten. Die Anbieter haben <strong>klare Risikoparameter, an die sich alle Trader halten m\u00fcssen<\/strong>. Vergebenen werden beispielsweise der t\u00e4gliche Drawdown sowie das allgemeine Verlustlimit. Werden die Limits nicht eingehalten, gilt der Aufnahmeprozess als gescheitert.<\/p>\n<h2><span class=\"ez-toc-section\" id=\"die-arten-von-prop-trading-unternehmen\"><\/span>Die Arten von Prop Trading Unternehmen<span class=\"ez-toc-section-end\"><\/span><\/h2>\n<p>Meine Tests der Prop Trading Firmen zeigen, dass es <strong>zwei Unternehmensformen gibt<\/strong>, die sich Ihnen in den folgenden Abschnitten kurz vorstellen will.<\/p>\n<h3><span class=\"ez-toc-section\" id=\"recruiter\"><\/span>Recruiter<span class=\"ez-toc-section-end\"><\/span><\/h3>\n<p>Am bekanntesten sind die Recruiter Firmen. Das <strong>Gesch\u00e4ftsmodell der Proprietary Trading Firma ist darauf ausgelegt, neue Prop-Trader zu finden<\/strong>. Die Kunden k\u00f6nnen zum Einstieg zwischen unterschiedlichen Kontomodellen w\u00e4hlen. Sie durchlaufen eine Evaluierungsphase, in denen die H\u00e4ndler ihr K\u00f6nnen unter Beweis stellen m\u00fcssen. Je nach gew\u00e4hlter Kontoform ist eine Geb\u00fchr zu bezahlen.<\/p>\n<p>Die angehenden Prop Trader handeln auf Demokonto. Sie zeigen unter realen Bedingungen und immer unter Vorgabe genauer Challenges Regeln, dass sie <strong>konstant und dauerhaft Rendite einfahren k\u00f6nnen<\/strong>. Haben die H\u00e4ndler ihr K\u00f6nnen beim Traden bewiesen, sprich gezeigt, dass sie profitabel arbeiten, so bekommen diese ihr Handelskonto mit Echtgeld freigeschalten. Prop Trading Firmen stellen also das Handelskapital zur Verf\u00fcgung. Es gibt Recruiter Prop Trading Firmen, die den Kunden selbst keine finanzierte Konten anbieten, sondern diese an andere Unternehmen weitervermitteln.<\/p>\n<p>Ein wesentlicher Punkt im <strong>Gesch\u00e4ftsmodell der Recruiter ist die Ausbildung<\/strong>. Eine gute Prop Firma bieten den H\u00e4ndlern Lernprogramme, Webinare mit Trading-Profis und viele andere Hilfen an.<\/p>\n<blockquote><p>Ein problematischer Punkt in der Praxis sind die Kursdaten. In der Evaluierungsphase handeln Sie mit \u201eRetail Fees\u201c, die <strong>a) preiswert sind und b) oft von den Anbietern kostenlos zur Verf\u00fcgung gestellt<\/strong> werden. Wer an der B\u00f6rse echte Trades platziert, ben\u00f6tigt hierf\u00fcr indes die \u201ePro-Fees\u201c, die deutlich teurer sind.<\/p><\/blockquote>\n<p>F\u00fcr Profis und Fortgeschrittene Trader gibt es auch <a href=\"\/de\/top-firmen\/ohne-evaluierung\/\">einige Prop Trading Firmen ohne Evaluierung<\/a>. Diese sind aber eher die Ausnahme als die Regel.<\/p>\n<h3><span class=\"ez-toc-section\" id=\"geschlossene-firmen\"><\/span>Geschlossene Firmen<span class=\"ez-toc-section-end\"><\/span><\/h3>\n<p>Die geschlossenen Prop Trading Firmen <strong>konzentrieren sich ausschlie\u00dflich auf die Handelsgesch\u00e4fte<\/strong>. Sie sind nicht an der Ausbildung der Prop Trader interessiert, sondern immer auf der Suche nach professionellen H\u00e4ndlern, die ihr Gesch\u00e4ft bereits verstehen.<\/p>\n<p>Die geschlossenen Unternehmen sind in der <strong>\u00d6ffentlichkeit relativ unbekannt<\/strong>. Sie betreiben kaum Marketing. Sie erm\u00f6glichen ihren H\u00e4ndler den Zugang zu B\u00f6rsen, die f\u00fcr Private Trader normalerweise verschlossen sind. Professionelle Research-Zug\u00e4nge und verbesserte Handelskonditionen geh\u00f6ren ebenfalls zu den Qualit\u00e4tsmerkmalen der geschlossenen Firmen. Wer eine Partnerschaft mit einer geschlossenen Prop Trading Firma anstrebt, muss sich bewerben. Es m\u00fcssen entsprechende Referenzen und ein langer, beweisbarer und zuverl\u00e4ssiger Track-Record vorgelegt werden.<\/p>\n<h2><span class=\"ez-toc-section\" id=\"so-verdienen-prop-trading-anbieter-geld\"><\/span>So verdienen Prop Trading Anbieter Geld<span class=\"ez-toc-section-end\"><\/span><\/h2>\n<p>Der wirtschaftliche Erfolg der Prop Trading Firmen ist von unterschiedlichen Komponenten abh\u00e4ngig, wobei die Ausrichtung des Anbieters entscheidend ist. Die Recruiter Firmen verdienen einen <strong>Gro\u00dfteil ihres Geld mit den Kundengeb\u00fchren<\/strong>. Es ist kein Geheimnis, dass viele angehende H\u00e4ndler in den ersten Evaluierungsrunden scheitern. Die Kosten m\u00fcssen dann meist \u00fcber mehrere Monate bezahlt werden, ehe die Qualifikation abgeschlossen ist. Der anschlie\u00dfende Handel an der B\u00f6rse ist f\u00fcr die Recruiter-Firmen dann mehr oder weniger das lohnende Zusatzgesch\u00e4ft.<\/p>\n<p>Die geschlossenen Prop Trading Firmen verdienen ihr <strong>Geld ausschlie\u00dflich an den Gewinnsplitts<\/strong>. Der professionelle, erfolgreiche Handel steht klar im Fokus.<\/p>\n<p>Die Top-Anbieter am Markt zahlen ihren Prop Tradern einen Gewinnanteil (Provision) von 90% oder sogar 95% aus. Da teilweise mehrere tausend Prop Trader f\u00fcr eine Firma t\u00e4tig sind, erwirtschaften die Unternehmen ihren Profit \u00fcber die Masse der H\u00e4ndler. Je mehr professionelle Prop Trader f\u00fcr einen Anbieter t\u00e4tig sind, <strong>umso breiter wird auch das wirtschaftliche Risiko verteilt<\/strong>. Selbst wenn einige Trader nicht in der Gewinnzone landen, bleiben den Prop Trading Anbietern noch immer gen\u00fcgend Partner, die f\u00fcr das Plus in der Kasse sorgen.<\/p>\n<blockquote><p>Sollte ein Prop Trading Anbieter Insolvenz anmelden, k\u00f6nnen noch nicht gezahlte Gewinnanteile an Prop Trader (Verg\u00fctung) davon betroffen sein und in die Insolvenzma\u00dfe einflie\u00dfen. Als Prop Trader sind Sie aber ansonsten <strong>nie am wirtschaftlichen Risiko des Unternehmens<\/strong> beteiligt. Sie k\u00f6nnen selbst keinen Verlust machen.<\/p><\/blockquote>\n<h3><span class=\"ez-toc-section\" id=\"prop-trading-firmen-eigengeldhaendler\"><\/span>Prop Trading Firmen = Eigengeldh\u00e4ndler<span class=\"ez-toc-section-end\"><\/span><\/h3>\n<p>Prop Trading Firmen sind rechtlich gesehen immer Eigengeldh\u00e4ndler. Es wird kein Sonderverm\u00f6gen verwaltet, wie in den Fonds. Der Vorteil f\u00fcr die Prop Trading Unternehmen ist, dass <strong>keine finanzrechtliche Zulassung ben\u00f6tigt<\/strong> wird. Prop Trading Anbieter sind nicht reguliert.<\/p>\n<h3><span class=\"ez-toc-section\" id=\"die-zusammenarbeit-mit-brokern\"><\/span>Die Zusammenarbeit mit Brokern<span class=\"ez-toc-section-end\"><\/span><\/h3>\n<p>Die vorgegebenen Trades der H\u00e4ndler werden an B\u00f6rsen \u00fcber Broker ausgef\u00fchrt. Es <strong>wird also<\/strong> <strong>Eigenhandel betrieben<\/strong>. Einige Prop Trading Firmen ver\u00f6ffentlichen ihre Broker-Partnerschaften, w\u00e4hrend andere Unternehmen Diskretion walten lassen.<\/p>\n<p>Nahezu immer wird mit <strong>externen Finanzpartnern kooperiert<\/strong>, die f\u00fcr das Kapital der Prop Trading Firmen sorgen.<\/p>\n<h2><span class=\"ez-toc-section\" id=\"eigene-prop-trading-firma-in-deutschland-gruenden-legal-oder-nicht\"><\/span>Eigene Prop Trading Firma in Deutschland gr\u00fcnden: legal oder nicht?<span class=\"ez-toc-section-end\"><\/span><\/h2>\n<p>Sie werden in Deutschland derzeit keinen eingetragen Prop Trading Anbieter finden. Ist also Prop Trading in Deutschland erlaubt? Ja, <strong>Prop Trading Firmen sind in Deutschland legal<\/strong>. Wer ein Unternehmen gr\u00fcnden will, kann dies theoretisch tun. Es wird lediglich eine Eigenhandelslizenz der BaFin ben\u00f6tigt, um an der B\u00f6rse durchzustarten. Dem Handel in der Evaluierungsphase auf entsprechenden Demokonten steht ohnehin nichts im Wege.<\/p>\n<p>Der Grund, weshalb hierzulande keine Prop Trading Anbieter ans\u00e4ssig sind, ist eher in der <strong>komplizierten Ausgangslage des Steuer- und des Arbeitsrechtes<\/strong> zu sehen.<\/p>\n<h3><span class=\"ez-toc-section\" id=\"die-rechtslage-in-anderen-laendern\"><\/span>Die Rechtslage in anderen L\u00e4ndern<span class=\"ez-toc-section-end\"><\/span><\/h3>\n<p>In der \u00dcberzahl der <strong>anderen EU-L\u00e4nder ist die Rechtslage mit Deutschland vergleichbar<\/strong>. Es gibt zum Beispiel bekannte Prop Trading Firmen in Tschechien (<a href=\"\/de\/ftmo\/\">FTMO<\/a>) oder Liechtenstein (<a href=\"\/de\/the-trading-pit\/\">The Trading Pit<\/a>). Etwas strenger sind die Gesetze nach meinen Erfahrungen lediglich in Belgien.<\/p>\n<h2><span class=\"ez-toc-section\" id=\"die-vorteile-der-prop-trading-firmen-im-angloamerikanischen-raum\"><\/span>Die Vorteile der Prop Trading Firmen im angloamerikanischen Raum<span class=\"ez-toc-section-end\"><\/span><\/h2>\n<p>Die \u00dcberzahl der besten Prop Trading Firmen werden Sie im angloamerikanischen Raum finden. Der Grund hierf\u00fcr ist eine Arbeitsform, die es im deutschen Recht nicht gibt. Ich spreche vom <strong>\u201eIndependent Contractor\u201c (IC) Modell<\/strong>.<\/p>\n<p>Ein IC ist eine mit dem Unternehmen verbundene Person. Sie untersteht den Weisungen der Firma, muss sich an klare Vorgaben halten, hat jedoch keinen Arbeitsvertrag. <strong>ICs werden gerade in USA von zahlreichen bekannten Firmen eingesetzt<\/strong>, auch in anderen Wirtschaftsbereichen. Beim Prop Trading wird nahezu immer mit IC-H\u00e4ndlern gearbeitet.<\/p>\n<p>In Deutschland kann sich daraus ein Risiko ergeben. Da Sie selbst\u00e4ndig unter Umst\u00e4nden nur f\u00fcr eine Prop Trading Firma arbeiten, kann der <strong>Verdacht der Scheinselbst\u00e4ndigkeit aufkommen<\/strong>, die man wiederrum im angloamerikanischen Raum nicht kennt. Es kann sein, dass Sie das Sozialversicherungsrecht hierzulande tangieren. Ich empfehle ihnen an dieser Stelle, sich fr\u00fchzeitig mit einem Fachanwalt und\/oder einen qualifizierten Steuerberater in Verbindung zu setzen. Lesen Sie dazu auch <a href=\"\/de\/steuern\/\">unseren Ratgeber \u00fcber Prop Trading Steuern<\/a>.<\/p>\n<p>Einige neue Prop Trading Anbieter sind zudem in den <strong>Vereinigten Arabischen Emiraten ans\u00e4ssig<\/strong>, da die Gesetze dort mit dem angloamerikanischen Wirtschaftsraum vergleichbar sind.<\/p>\n<h2><span class=\"ez-toc-section\" id=\"exkurs-so-finden-die-beste-prop-trading-firma\"><\/span>Exkurs: So finden die beste Prop Trading Firma<span class=\"ez-toc-section-end\"><\/span><\/h2>\n<p>Wer die f\u00fcr sich beste Prop Trading Firma sucht, sollte im ersten Schritt auf das <strong>Renommee des Unternehmens achten, sprich dessen Seriosit\u00e4t<\/strong>. Checken Sie zudem die Challenge Vorgaben, immer in Verbindung mit den Kosten pro Monat. Die derzeit beste Prop Trading Firma (<a href=\"\/de\/ftmo\/\">FTMO<\/a>) zahlt beispielsweise die monatliche Geb\u00fchr nach einer erfolgreichen Evaluierung zur\u00fcck. Wesentlich sind zudem die Gewinnbeteiligung, die Handelsinstrumente (Forex, Aktie, Futures, CFDs, Rohstoffe usw.) und die verf\u00fcgbaren Handelsplattformen, flankiert von allgemeinen Qualit\u00e4tskennzeichen, wie den Support, den Zahlungsmethoden oder der Auszahlungsfrequenz.<\/p>\n<p>Unseren Vergleich mit allen Erl\u00e4uterungen finden Sie im Ratgeber \u201e<a href=\"\/de\/top-firmen\/\">Beste Prop Trading Firma<\/a>\u201c.<\/p>\n<h2><span class=\"ez-toc-section\" id=\"fazit\"><\/span>Fazit<span class=\"ez-toc-section-end\"><\/span><\/h2>\n<p>Im Fazit sei nochmals herausgestellt, dass die <strong>Prop Trading Firmen Eigenhandel an der B\u00f6rse vornehmen<\/strong>. Sie vollziehen ihr Handelsgesch\u00e4ft aber nicht selbst, sondern arbeiten mit externen Prop Tradern zusammen. Um erfolgreiche Trader f\u00fcr das eigene Unternehmen zu finden, m\u00fcssen diese vorab einen Aufnahmeprozess (Evaluierung) durchlaufen oder bei geschlossenen Firmen sich mit den entsprechenden Referenzen bewerben. Eine Recruiter Pro Firma wendet sich an Jedermann, auch an Anf\u00e4nger.<\/p>\n<p>Die Prop Trading Firmen verdienen ihr Geld <strong>durch die Kundengeb\u00fchren sowie die durch den Anteil an den Profitsplitts<\/strong>.<\/p>\n<h2><span class=\"ez-toc-section\" id=\"faqs\"><\/span>FAQs<span class=\"ez-toc-section-end\"><\/span><\/h2>\n<p>Im abschlie\u00dfenden Frage- und Antwortbereich habe ich ihnen nochmals die <strong>relevantesten Details zu den Prop Trading Firmen<\/strong> zusammengestellt.<\/p>\n<h3><span class=\"ez-toc-section\" id=\"arbeitet-eine-prop-trading-firma-mit-eigen-oder-fremdkapital\"><\/span>Arbeitet eine Prop Trading Firma mit Eigen- oder Fremdkapital?<span class=\"ez-toc-section-end\"><\/span><\/h3>\n<p>Eine Prop Trading Firma <strong>arbeitet immer mit Eigenkapital<\/strong>. Sie verwaltet kein Fremdkapital als Sonderverm\u00f6gen. Lesen Sie mehr unter \u201e<a href=\"#das-angebot-der-prop-trading-firmen\">Das Angebot der Prop Trading Firmen<\/a>\u201c.<\/p>\n<h3><span class=\"ez-toc-section\" id=\"welche-beiden-geschaeftsmodelle-der-prop-trading-unternehmen-gibt-es\"><\/span>Welche beiden Gesch\u00e4ftsmodelle der Prop Trading Unternehmen gibt es?<span class=\"ez-toc-section-end\"><\/span><\/h3>\n<p>Es wird zwischen <strong>Recruitern und geschlossenen Firmen<\/strong> unterschieden. Die beiden Unternehmensmodelle stelle ich Ihnen unter \u201e<a href=\"#die-arten-von-prop-trading-unternehmen\">Die Arten von Prop Trading Unternehmen<\/a>\u201c vor.<\/p>\n<h3><span class=\"ez-toc-section\" id=\"warum-gibt-es-keine-prop-trading-firmen-in-deutschland\"><\/span>Warum gibt es keine Prop Trading Firmen in Deutschland?<span class=\"ez-toc-section-end\"><\/span><\/h3>\n<p>Die <strong>steuer- und arbeitsrechtlichen Gesetze<\/strong> sind f\u00fcr Prop Trading Firmen in Deutschland nicht ideal. Warum dies so ist, lesen Sie unter \u201e<a href=\"#eigene-prop-trading-firma-in-deutschland-gruenden-legal-oder-nicht\">Eigene Prop Trading Firma in Deutschland gr\u00fcnden \u2013 legal oder nicht?<\/a>\u201c.<\/p>\n<h3><span class=\"ez-toc-section\" id=\"arbeiten-prop-trading-unternehmen-mit-brokern-zusammen\"><\/span>Arbeiten Prop Trading Unternehmen mit Brokern zusammen?<span class=\"ez-toc-section-end\"><\/span><\/h3>\n<p>Ja. <strong>Prop Trading Firmen arbeiten mit Brokern zusammen<\/strong>, die Trades an der B\u00f6rse umsetzen. Alle Informationen hierzu finden Sie im Abschnitt \u201e<a href=\"#die-zusammenarbeit-mit-brokern\">Die Zusammenarbeit mit Brokern<\/a>\u201c.<\/p>\n<h3><span class=\"ez-toc-section\" id=\"wie-sichert-eine-prop-trading-firma-ihre-geschaefte-ab\"><\/span>Wie sichert eine Prop Trading Firma ihre Gesch\u00e4fte ab?<span class=\"ez-toc-section-end\"><\/span><\/h3>\n<p>Die Gesch\u00e4fte der Prop Trading Anbieter werden durch die H\u00e4ndler-Breite absichert. Je mehr Trader f\u00fcr ein Unternehmen t\u00e4tig sind, umso h\u00f6her ist die Wahrscheinlichkeit, <strong>dass diese in der Gesamtheit einen Gewinn erwirtschaften<\/strong>. Zudem gibt\u2019s klare Tages- und Gesamt-Verlustlimits. Unter \u201e<a href=\"#so-verdienen-prop-trading-anbieter-geld\">So verdienen Prop Trading Anbieter Geld<\/a>\u201c lesen Sie wie die Unternehmen zum wirtschaftlichen Erfolg kommen.<\/p>\n","protected":false},"excerpt":{"rendered":"<p>Prop Trading Firmen haben sich in den zur\u00fcckliegenden Jahren am Finanzmarkt mit ihrem Gesch\u00e4ftsmodell durchgesetzt. Diese Firmen sind Eigengeldh\u00e4ndler, die beim Trading mit externen H\u00e4ndlern (Prop Tradern) zusammenarbeiten. Doch was ist eine Prop Trading Firma eigentlich und wie verdient diese Geld? Ich zeige Ihnen in diesem Ratgeber wie eine Prop Trading Firma arbeitet und welche &#8230; <a title=\"Was ist eine Prop Trading Firma?\" class=\"read-more\" href=\"https:\/\/www.proptradingscam.com\/de\/definition\/firma\/\" aria-label=\"Mehr Informationen \u00fcber Was ist eine Prop Trading Firma?\">Weiterlesen<\/a><\/p>\n","protected":false},"author":2,"featured_media":0,"parent":1103,"menu_order":0,"comment_status":"closed","ping_status":"closed","template":"","meta":{"footnotes":""},"class_list":["post-1393","page","type-page","status-publish"],"_links":{"self":[{"href":"https:\/\/www.proptradingscam.com\/de\/wp-json\/wp\/v2\/pages\/1393","targetHints":{"allow":["GET"]}}],"collection":[{"href":"https:\/\/www.proptradingscam.com\/de\/wp-json\/wp\/v2\/pages"}],"about":[{"href":"https:\/\/www.proptradingscam.com\/de\/wp-json\/wp\/v2\/types\/page"}],"author":[{"embeddable":true,"href":"https:\/\/www.proptradingscam.com\/de\/wp-json\/wp\/v2\/users\/2"}],"replies":[{"embeddable":true,"href":"https:\/\/www.proptradingscam.com\/de\/wp-json\/wp\/v2\/comments?post=1393"}],"version-history":[{"count":0,"href":"https:\/\/www.proptradingscam.com\/de\/wp-json\/wp\/v2\/pages\/1393\/revisions"}],"up":[{"embeddable":true,"href":"https:\/\/www.proptradingscam.com\/de\/wp-json\/wp\/v2\/pages\/1103"}],"wp:attachment":[{"href":"https:\/\/www.proptradingscam.com\/de\/wp-json\/wp\/v2\/media?parent=1393"}],"curies":[{"name":"wp","href":"https:\/\/api.w.org\/{rel}","templated":true}]}}