{"id":1144,"date":"2023-12-19T13:22:27","date_gmt":"2023-12-19T13:22:27","guid":{"rendered":"https:\/\/www.proptradingscam.com\/?page_id=1144"},"modified":"2023-12-20T13:11:44","modified_gmt":"2023-12-20T13:11:44","slug":"steuern","status":"publish","type":"page","link":"https:\/\/www.proptradingscam.com\/de\/steuern\/","title":{"rendered":"Prop Trading Steuern einfach erkl\u00e4rt"},"content":{"rendered":"<p>Als erfolgreicher Prop Trader werden Sie im Rahmen der ersten Auszahlung <strong>schnell mit dem Thema der Prop Trading Steuer konfrontiert<\/strong>.<\/p>\n<p><u>Doch was bedeutet dies \u00fcberhaupt?<\/u><\/p>\n<p>In diesem Ratgeber gehe ich auf das Thema Steuern beim Prop Trading genauer ein und werde dabei insbesondere erl\u00e4utern, <strong>wie Sie Ihre Gewinne aus dem Prop Trading versteuern m\u00fcssen, welche Steuern dabei anfallen und ob Sie Besonderheiten beachten m\u00fcssen<\/strong>.<\/p>\n<p>Neben Deutschland werfe ich auch einen Blick auf <a href=\"#prop-trading-steuer-in-oesterreich\">\u00d6sterreich<\/a> und <a href=\"#prop-trading-steuer-in-der-schweiz\">die Schweiz<\/a>.<\/p>\n<p><small><u>Hinweis:<\/u> Dieser Beitrag gibt meine Sichtweise aus der Perspektive eines Prop Traders wider und ist weder als Steuerberatung zu verstehen noch ersetzt es eine professionelle Beratung.<\/small><\/p>\n<div id=\"ez-toc-container\" class=\"ez-toc-v2_0_81 ez-toc-wrap-center counter-hierarchy ez-toc-counter ez-toc-grey ez-toc-container-direction\">\n<p class=\"ez-toc-title\" style=\"cursor:inherit\">Inhaltsverzeichnis<\/p>\n<label for=\"ez-toc-cssicon-toggle-item-69eb3f54eb86e\" class=\"ez-toc-cssicon-toggle-label\"><span class=\"ez-toc-cssicon\"><span class=\"eztoc-hide\" style=\"display:none;\">Toggle<\/span><span class=\"ez-toc-icon-toggle-span\"><svg style=\"fill: #999;color:#999\" xmlns=\"http:\/\/www.w3.org\/2000\/svg\" class=\"list-377408\" width=\"20px\" height=\"20px\" viewBox=\"0 0 24 24\" fill=\"none\"><path d=\"M6 6H4v2h2V6zm14 0H8v2h12V6zM4 11h2v2H4v-2zm16 0H8v2h12v-2zM4 16h2v2H4v-2zm16 0H8v2h12v-2z\" fill=\"currentColor\"><\/path><\/svg><svg style=\"fill: #999;color:#999\" class=\"arrow-unsorted-368013\" xmlns=\"http:\/\/www.w3.org\/2000\/svg\" width=\"10px\" height=\"10px\" viewBox=\"0 0 24 24\" version=\"1.2\" baseProfile=\"tiny\"><path d=\"M18.2 9.3l-6.2-6.3-6.2 6.3c-.2.2-.3.4-.3.7s.1.5.3.7c.2.2.4.3.7.3h11c.3 0 .5-.1.7-.3.2-.2.3-.5.3-.7s-.1-.5-.3-.7zM5.8 14.7l6.2 6.3 6.2-6.3c.2-.2.3-.5.3-.7s-.1-.5-.3-.7c-.2-.2-.4-.3-.7-.3h-11c-.3 0-.5.1-.7.3-.2.2-.3.5-.3.7s.1.5.3.7z\"\/><\/svg><\/span><\/span><\/label><input type=\"checkbox\"  id=\"ez-toc-cssicon-toggle-item-69eb3f54eb86e\" checked aria-label=\"Toggle\" \/><nav><ul class='ez-toc-list ez-toc-list-level-1 ' ><li class='ez-toc-page-1 ez-toc-heading-level-2'><a class=\"ez-toc-link ez-toc-heading-1\" href=\"https:\/\/www.proptradingscam.com\/de\/steuern\/#auf-einen-blick\" >Auf einen Blick<\/a><\/li><li class='ez-toc-page-1 ez-toc-heading-level-2'><a class=\"ez-toc-link ez-toc-heading-2\" href=\"https:\/\/www.proptradingscam.com\/de\/steuern\/#welche-steuern-fallen-beim-prop-trading-in-deutschland-an\" >Welche Steuern fallen beim Prop Trading in Deutschland an?<\/a><\/li><li class='ez-toc-page-1 ez-toc-heading-level-2'><a class=\"ez-toc-link ez-toc-heading-3\" href=\"https:\/\/www.proptradingscam.com\/de\/steuern\/#prop-trading-ist-eine-gewerbliche-taetigkeit\" >Prop Trading ist eine gewerbliche T\u00e4tigkeit<\/a><ul class='ez-toc-list-level-3' ><li class='ez-toc-heading-level-3'><a class=\"ez-toc-link ez-toc-heading-4\" href=\"https:\/\/www.proptradingscam.com\/de\/steuern\/#gewerbeschein-und-anmeldung-beim-finanzamt\" >Gewerbeschein und Anmeldung beim Finanzamt<\/a><\/li><li class='ez-toc-page-1 ez-toc-heading-level-3'><a class=\"ez-toc-link ez-toc-heading-5\" href=\"https:\/\/www.proptradingscam.com\/de\/steuern\/#vorsicht-scheinselbstaendigkeit\" >Vorsicht: Scheinselbst\u00e4ndigkeit<\/a><\/li><li class='ez-toc-page-1 ez-toc-heading-level-3'><a class=\"ez-toc-link ez-toc-heading-6\" href=\"https:\/\/www.proptradingscam.com\/de\/steuern\/#genehmigung-von-der-bafin\" >Genehmigung von der Bafin<\/a><\/li><\/ul><\/li><li class='ez-toc-page-1 ez-toc-heading-level-2'><a class=\"ez-toc-link ez-toc-heading-7\" href=\"https:\/\/www.proptradingscam.com\/de\/steuern\/#so-hoch-ist-ihre-prop-trading-steuer\" >So hoch ist Ihre Prop Trading Steuer<\/a><\/li><li class='ez-toc-page-1 ez-toc-heading-level-2'><a class=\"ez-toc-link ez-toc-heading-8\" href=\"https:\/\/www.proptradingscam.com\/de\/steuern\/#prop-trading-steuer-rat-vom-steuerberater-holen\" >Prop Trading Steuer: Rat vom Steuerberater holen<\/a><\/li><li class='ez-toc-page-1 ez-toc-heading-level-2'><a class=\"ez-toc-link ez-toc-heading-9\" href=\"https:\/\/www.proptradingscam.com\/de\/steuern\/#generell-prop-trader-nur-einkommensteuerpflichtig\" >Generell: Prop Trader nur einkommensteuerpflichtig<\/a><\/li><li class='ez-toc-page-1 ez-toc-heading-level-2'><a class=\"ez-toc-link ez-toc-heading-10\" href=\"https:\/\/www.proptradingscam.com\/de\/steuern\/#andere-laender-andere-steuern\" >Andere L\u00e4nder, andere Steuern<\/a><ul class='ez-toc-list-level-3' ><li class='ez-toc-heading-level-3'><a class=\"ez-toc-link ez-toc-heading-11\" href=\"https:\/\/www.proptradingscam.com\/de\/steuern\/#prop-trading-steuer-in-oesterreich\" >Prop Trading Steuer in \u00d6sterreich<\/a><\/li><li class='ez-toc-page-1 ez-toc-heading-level-3'><a class=\"ez-toc-link ez-toc-heading-12\" href=\"https:\/\/www.proptradingscam.com\/de\/steuern\/#prop-trading-steuer-in-der-schweiz\" >Prop Trading Steuer in der Schweiz<\/a><\/li><\/ul><\/li><li class='ez-toc-page-1 ez-toc-heading-level-2'><a class=\"ez-toc-link ez-toc-heading-13\" href=\"https:\/\/www.proptradingscam.com\/de\/steuern\/#fazit\" >Fazit<\/a><\/li><li class='ez-toc-page-1 ez-toc-heading-level-2'><a class=\"ez-toc-link ez-toc-heading-14\" href=\"https:\/\/www.proptradingscam.com\/de\/steuern\/#faqs\" >FAQs<\/a><ul class='ez-toc-list-level-3' ><li class='ez-toc-heading-level-3'><a class=\"ez-toc-link ez-toc-heading-15\" href=\"https:\/\/www.proptradingscam.com\/de\/steuern\/#welchen-rechtsstand-hat-der-prop-trader\" >Welchen Rechtsstand hat der Prop Trader?<\/a><\/li><li class='ez-toc-page-1 ez-toc-heading-level-3'><a class=\"ez-toc-link ez-toc-heading-16\" href=\"https:\/\/www.proptradingscam.com\/de\/steuern\/#welche-steuern-zahlt-der-prop-trader\" >Welche Steuern zahlt der Prop Trader?<\/a><\/li><li class='ez-toc-page-1 ez-toc-heading-level-3'><a class=\"ez-toc-link ez-toc-heading-17\" href=\"https:\/\/www.proptradingscam.com\/de\/steuern\/#benoetige-ich-fuer-das-prop-trading-einen-gewerbeschein\" >Ben\u00f6tige ich f\u00fcr das Prop Trading einen Gewerbeschein?<\/a><\/li><li class='ez-toc-page-1 ez-toc-heading-level-3'><a class=\"ez-toc-link ez-toc-heading-18\" href=\"https:\/\/www.proptradingscam.com\/de\/steuern\/#kann-ich-fuer-das-prop-trading-geschaeft-eine-gmbh-gruenden\" >Kann ich f\u00fcr das Prop Trading Gesch\u00e4ft eine GmbH gr\u00fcnden?<\/a><\/li><li class='ez-toc-page-1 ez-toc-heading-level-3'><a class=\"ez-toc-link ez-toc-heading-19\" href=\"https:\/\/www.proptradingscam.com\/de\/steuern\/#wer-hilft-mir-bei-der-prop-trading-steueranmeldung\" >Wer hilft mir bei der Prop Trading Steueranmeldung?<\/a><\/li><\/ul><\/li><\/ul><\/nav><\/div>\n\n<h2><span class=\"ez-toc-section\" id=\"auf-einen-blick\"><\/span>Auf einen Blick<span class=\"ez-toc-section-end\"><\/span><\/h2>\n<ul>\n<li>Wer als Prop Trader t\u00e4tig ist, <u>handelt als Selbst\u00e4ndiger und ben\u00f6tigt einen Gewerbeschein<\/u>. Alternativ k\u00f6nnen die Prop Trading Gesch\u00e4fte \u00fcber eine eigene Firma (GmbH) abgewickelt werden<\/li>\n<li>Die <u>Prop Trading Profite unterliegen der Einkommenssteuer<\/u>. Die H\u00f6he der Steuer ist abh\u00e4ngig vom tats\u00e4chlich erzielten Gewinn (Ertrag\/Profit). Zus\u00e4tzlich zahlen Sie in Deutschland den Soli-Zuschlag sowie gegebenenfalls die Kirchensteuer. Wesentlich ist zudem ihre pers\u00f6nliche Steuerklasse<\/li>\n<li>In meinem Ratgeber gehe ich folgend genauer auf <u>die Prop Trading Steuer, die Freibetr\u00e4ge und die rechtlichen Grundlagen ein<\/u>. Gleichzeitig werfe ich einen kurzen Blick auf die Prop Trading Steuer in \u00d6sterreich und in der Schweiz<\/li>\n<\/ul>\n<h2><span class=\"ez-toc-section\" id=\"welche-steuern-fallen-beim-prop-trading-in-deutschland-an\"><\/span>Welche Steuern fallen beim Prop Trading in Deutschland an?<span class=\"ez-toc-section-end\"><\/span><\/h2>\n<p>Die Einnahmen auf dem Proprietary Trading sind zu versteuern. Wer als Selbst\u00e4ndiger agiert, bezahlt auf das <strong>Plus seiner T\u00e4tigkeit die Einkommenssteuer<\/strong>. Mit der \u00fcblichen Abgeltungssteuer in H\u00f6he von 25 Prozent, die die Broker zu bezahlen haben, kommen Sie indes nicht in Ber\u00fchrung.<\/p>\n<p>Der Grund ist einfach: Sie handeln nicht mit eigenem Geld, sondern mit dem Kapital der Prop Trading Firma. Dabei spielt es grunds\u00e4tzlich auch keine Rolle, ob Sie ein reines virtuelles Demokonto (wie beispielsweise bei <a href=\"\/de\/ftmo\/\">FTMO<\/a>) oder ein Echtgeldkonto (wie beispielsweise bei <a href=\"\/de\/heldental\/\">Heldental<\/a>) nutzen.<\/p>\n<p>Eine Gewinn- und Verlustverrechnung m\u00fcssen Sie nicht aufstellen. Sie k\u00f6nnen <a href=\"\/de\/definition\/\">beim Prop Trading per Definition<\/a> keine eigenen Verluste einfahren. Haben Sie als Selbst\u00e4ndiger jedoch andere Kosten, zum Beispiel die Anschaffung eines neuen Computer, eine B\u00fcromiete oder Telefon- und Internetgeb\u00fchren, so k\u00f6nnen Sie <strong>diese Ausgaben nat\u00fcrlich mit Ihren Einnahmen verrechnen<\/strong>. Gleiches gilt f\u00fcr Ihre Kranken- und Sozialversicherungsbeitr\u00e4ge.<\/p>\n<p>Die Einkommensteuer ist in Deutschland mit einem Freibetrag versehen, 10.909\u20ac bei Ledigen und 21.818\u20ac bei Verheirateten. Nur f\u00fcr h\u00f6here Prop Trading Gewinne zahlen Sie real Steuern. Der <strong>Eingangssteuersatz betr\u00e4gt 14 Prozent<\/strong>. Die Abgabeh\u00f6he steigt im Anschluss auf maximal 42 Prozent an, g\u00fcltig bei Ertr\u00e4gen ab 62.810\u20ac (Ledige) bzw. ab 125.620\u20ac (Verheiratete).<\/p>\n<p>Der Solidarit\u00e4tszuschlag betr\u00e4gt 5,5 Prozent. Gezahlt wird er vollst\u00e4ndig ab einem Einkommen von 32.619,02\u20ac. Bis zu <strong>17.543,01\u20ac gibt\u2019s keine Soli-Belastung<\/strong>. Im Anschluss steigt die Abgabe, wobei in der Praxis von der sogenannten Milderungszone gesprochen wird. Die Kirchensteuer betr\u00e4gt 9 Prozent, wobei die Bundesl\u00e4nder unterschiedliche Berechnungsverfahren anwenden. Kirchensteuer m\u00fcssen Sie zudem nur dann zahlen, wenn Sie Mitglied einer religi\u00f6sen Gemeinschaft sind.<\/p>\n<h2><span class=\"ez-toc-section\" id=\"prop-trading-ist-eine-gewerbliche-taetigkeit\"><\/span>Prop Trading ist eine gewerbliche T\u00e4tigkeit<span class=\"ez-toc-section-end\"><\/span><\/h2>\n<p>Wer als Prop Trader aktiv sein will, <strong>muss ein Gewerbe anmelden<\/strong>. Dies sollten Sie in der Praxis aber nicht sofort nach der Registrierung bei einer Prop Trading Firma tun. In der Evaluierungsphase erwirtschaften Sie noch keine Gewinne. Erst wenn Sie als Prop Trader einen Vertrag vom Unternehmen erhalten, m\u00fcssen Sie das Gewerbe anmelden.<\/p>\n<h3><span class=\"ez-toc-section\" id=\"gewerbeschein-und-anmeldung-beim-finanzamt\"><\/span>Gewerbeschein und Anmeldung beim Finanzamt<span class=\"ez-toc-section-end\"><\/span><\/h3>\n<p>Der Gewerbeschein kann online oder bei Ihrem zust\u00e4ndigen Gewerbeamt beantragt werden. Er kostet zwischen 10\u20ac und 65\u20ac, je nach Stadt und\/oder Landkreis. Nach der erfolgten Gewerbeanmeldung oder der Anzeige einer nebenberuflichen, gewerblichen T\u00e4tigkeit <strong>wird automatisch das Finanzamt informiert<\/strong>. Sie m\u00fcssen sich nicht gesondert anmelden. Sie erhalten Post vom Finanzamt.Die Gewerbe-Registrierung und die Steuernummer sind wichtig, um <strong>der Prop Trading Firma Rechnungen stellen zu k\u00f6nnen<\/strong>. Die Auszahlung der Profite erfolgt bei jedem seri\u00f6sen Prop Trading Unternehmen gegen Rechnung.<\/p>\n<p>Wer eine GmbH (oder eine andere Firma\/ juristische Person) f\u00fcr sein Prop Trading gr\u00fcnden will, kann dies tun. Die GmbH wird im Handelsregister eingetragen. Sie sollten sich dann eine <strong>sogenannte VAT-Nummer holen<\/strong>, so dass Ihre Rechnungen an die Prop Trading Firma von der Umsatzsteuer befreit sind.<\/p>\n<h3><span class=\"ez-toc-section\" id=\"vorsicht-scheinselbstaendigkeit\"><\/span>Vorsicht: Scheinselbst\u00e4ndigkeit<span class=\"ez-toc-section-end\"><\/span><\/h3>\n<p>Wenn Sie nur f\u00fcr eine Prop Trading Firma arbeiten, <strong>kann eine Scheinselbst\u00e4ndigkeit entstehen<\/strong>. Im angloamerikanischen Raum werden Selbst\u00e4ndige als weisungsgebunden von den Unternehmen besch\u00e4ftigt. Die Prop Trading Firmen arbeiten fast ausschlie\u00dflich nach diesem Modell, welches in Deutschland in dieser Form nicht vorhanden ist.<\/p>\n<p>Um eine <strong>m\u00f6gliche Scheinselbst\u00e4ndigkeit grundlegend auszuschlie\u00dfen<\/strong>, sollten Sie entweder bei mehreren Firmen aktiv sein oder noch andere Einnahmequellen haben. Ratsam ist es fr\u00fchzeitig beim einem Fachanwalt f\u00fcr Steuerrecht oder einem Steuerberater die n\u00f6tigen Informationen einzuholen.<\/p>\n<h3><span class=\"ez-toc-section\" id=\"genehmigung-von-der-bafin\"><\/span>Genehmigung von der Bafin<span class=\"ez-toc-section-end\"><\/span><\/h3>\n<p>Eine <strong>BaFin-Lizenz ben\u00f6tigen Sie als Prop Trader nicht<\/strong>. Sie sind nicht eigenst\u00e4ndig mit Termingesch\u00e4ften oder anderen Handelsaktivit\u00e4ten t\u00e4tig. Sie nutzen auch kein eigenes Kapital. Noch viel weniger sammeln Sie Geld von Anlegern und Investoren ein, um damit zu traden.<\/p>\n<h2><span class=\"ez-toc-section\" id=\"so-hoch-ist-ihre-prop-trading-steuer\"><\/span>So hoch ist Ihre Prop Trading Steuer<span class=\"ez-toc-section-end\"><\/span><\/h2>\n<p>Folgend habe ich Ihnen <strong>ein Beispiel f\u00fcr die Berechnung der Prop Trading Steuer<\/strong> in Deutschland aufgestellt. Ich gehe dabei davon aus, dass Sie ledig sind, keine Ausgaben geltend machen und ein erfolgreicher Prop Trader mit einem Einkommen von 80.000\u20ac sind. (Es handelt sich also um eine fiktive Rechnung, die nicht Ihrer Steuererkl\u00e4rung entspricht).<\/p>\n<ul>\n<li>Prop Trading Eink\u00fcnfte: 80.000\u20ac<\/li>\n<li>Minus Freibetrag: 10.909\u20ac<\/li>\n<li>Netto-Ertrag: 69.091\u20ac<\/li>\n<li>Einkommenssteuer: 29.018\u20ac<\/li>\n<\/ul>\n<p>Wer \u00fcber eine GmbH tradet, die Gesch\u00e4fte also \u00fcber eine Firma abwickelt, zahlt im H\u00f6chstfall 30 Prozent Steuern. Die GmbH Steuern setzen sich aus jeweils <strong>15 Prozent K\u00f6rperschaftssteuer und 15 Prozent Gewerbesteuer<\/strong> zusammen. Ziehen Sie Geld als Inhaber der GmbH als Gewinn aus dem Unternehmen heraus, so wird dieser Betrag parallel als Einkommen gewertet.<\/p>\n<p>Die Summe muss dann nochmals in Ihrer pers\u00f6nlichen Steuerkl\u00e4rung zur Einkommenssteuer aufgef\u00fchrt sein. Eine andere M\u00f6glichkeit ist, dass Sie sich als selbst als Arbeitnehmer in Ihrer GmbH anstellen. Sie unterliegen dann der Sozialversicherungspflicht. Sie zahlen sich ein Brutto-Gehalt aus, von dem netto die Sozial- und Krankenkasse sowie die Lohnsteuer abgezogen werden.<\/p>\n<h2><span class=\"ez-toc-section\" id=\"prop-trading-steuer-rat-vom-steuerberater-holen\"><\/span>Prop Trading Steuer: Rat vom Steuerberater holen<span class=\"ez-toc-section-end\"><\/span><\/h2>\n<p>Mein Tipp ist, dass Sie sich beim Start in Ihre Selbst\u00e4ndigkeit als Prop Trader schon fr\u00fch mit einem Steuerberater in Verbindung setzen. Nutzen Sie dessen Kompetenz. Er informiert Sie nicht nur \u00fcber die Prop Trading Steuern, sondern zeigt Ihnen gleichzeitig ein <strong>m\u00f6gliches Sparpotential auf bzw. kann Ihnen einen Ratschlag zur richtigen Firmenkonstellation<\/strong> \u2013 Selbst\u00e4ndiger vs. GmbH geben.<\/p>\n<h2><span class=\"ez-toc-section\" id=\"generell-prop-trader-nur-einkommensteuerpflichtig\"><\/span>Generell: Prop Trader nur einkommensteuerpflichtig<span class=\"ez-toc-section-end\"><\/span><\/h2>\n<p>Die letztliche Steuererkl\u00e4rung ist f\u00fcr jeden Prop Trader nat\u00fcrlich individuell. Abh\u00e4ngig ist die Abgabe von den verschiedensten Faktoren, beispielsweise vom Familienstand, der Steuerklasse und der Anzahl der Kinder. Es gibt in den Deutschland <strong>verschiedene Freibetr\u00e4ge, die Sie auch als Prop Trader geltend machen<\/strong> k\u00f6nnen. Wissen sollte man, dass als Selbst\u00e4ndiger grunds\u00e4tzlich nur die Einkommenssteuer zu bezahlen ist.<\/p>\n<p>Wer mit einer GmbH Prop Trading Gesch\u00e4fte macht, zahlt die <strong>K\u00f6rperschaftssteuer und die Gewerbesteuer <\/strong>f\u00fcr seine Firma.<\/p>\n<h2><span class=\"ez-toc-section\" id=\"andere-laender-andere-steuern\"><\/span>Andere L\u00e4nder, andere Steuern<span class=\"ez-toc-section-end\"><\/span><\/h2>\n<p>Jedes Land hat seine eigenen Steuergesetze, wobei diese in der EU in gro\u00dfen Teilen vereinheitlicht sind.<\/p>\n<p>Ich will folgend kurz auf die <strong>Prop Trading Steuern in der Schweiz und in \u00d6sterreich<\/strong> blicken:<\/p>\n<ul>\n<li><a href=\"#prop-trading-steuer-in-oesterreich\">\u00d6sterreich<\/a><\/li>\n<li><a href=\"#prop-trading-steuer-in-der-schweiz\">Schweiz<\/a><\/li>\n<\/ul>\n<h3><span class=\"ez-toc-section\" id=\"prop-trading-steuer-in-oesterreich\"><\/span>Prop Trading Steuer in \u00d6sterreich<span class=\"ez-toc-section-end\"><\/span><\/h3>\n<p>In \u00d6sterreich kommt beim Prop Trading ebenfalls die Einkommensteuer zum Tragen. Unterschiede gibt\u2019s auch in unserem Nachbarland aufgrund der pers\u00f6nlichen Verh\u00e4ltnisse. Zudem ist die \u00f6sterreichische Einkommensteuer ebenfalls von der H\u00f6he der Profite abh\u00e4ngig. Die Prop Trading Steuer (Einkommenssteuer) bewegt sich in <strong>\u00d6sterreich zwischen 25 Prozent und 55 Prozent<\/strong>.<\/p>\n<h3><span class=\"ez-toc-section\" id=\"prop-trading-steuer-in-der-schweiz\"><\/span>Prop Trading Steuer in der Schweiz<span class=\"ez-toc-section-end\"><\/span><\/h3>\n<p>In der Schweiz gibt es keine spezifische Regelungen bez\u00fcglich Proprietary Trading. Die Ertr\u00e4ge aus dem Prop Trading werden nach meinen Erfahrungen als <strong>Verm\u00f6gensverwaltungsertrags gewertet und von der Steuerbeh\u00f6rde der Schweiz entsprechend behandelt<\/strong>. Der genaue Steuersatz kann von Kanton zu Kanton abweichen. Es lohnt sich in der Schweiz immer die Steuererkl\u00e4rung von einem qualifizierten Steuerberater machen zu lassen.<\/p>\n<h2><span class=\"ez-toc-section\" id=\"fazit\"><\/span>Fazit<span class=\"ez-toc-section-end\"><\/span><\/h2>\n<p>Im Fazit kann gesagt werden, dass Sie <strong>ihre Eink\u00fcnfte aus dem Prop Trading versteuern<\/strong> m\u00fcssen. Sie sind steuerpflichtig. Sie k\u00f6nnen aber Ausgaben geltend machen, um Ihren Gewinn und damit die Steuerbelastung zu mindern.<\/p>\n<p>Grunds\u00e4tzlich spielt es keine Rolle, ob Sie sich beim Prop Trading Anbieter als Einzelperson (Selbst\u00e4ndiger) oder als Firma anmelden. Der Steuerpflicht unterliegen Sie immer. Da die Steuergesetze in Deutschland komplex sind, ist es <strong>ratsam immer die Hilfe von qualifizierten Steuerberatern zu nutzen<\/strong>.<\/p>\n<h2><span class=\"ez-toc-section\" id=\"faqs\"><\/span>FAQs<span class=\"ez-toc-section-end\"><\/span><\/h2>\n<p>Im FAQ-Bereich habe ich Ihnen abschlie\u00dfend nochmals die <strong>relevantesten Informationen zu den Prop Trading Steuern<\/strong> zusammengestellt.<\/p>\n<h3><span class=\"ez-toc-section\" id=\"welchen-rechtsstand-hat-der-prop-trader\"><\/span>Welchen Rechtsstand hat der Prop Trader?<span class=\"ez-toc-section-end\"><\/span><\/h3>\n<p>Prop Trader sind zwar in gewisser Weise weisungsabh\u00e4ngig, aber nicht bei der Prop Trading Firma angestellt. Sie <strong>fungieren als selbst\u00e4ndiger H\u00e4ndler (Trader)<\/strong>. Hierzu ist es n\u00f6tig ein Gewerbe anzumelden. Weitere Informationen finden Sie im Abschnitt \u201e<a href=\"#prop-trading-ist-eine-gewerbliche-taetigkeit\">Prop Trading ist eine gewerbliche T\u00e4tigkeit<\/a>\u201c.<\/p>\n<h3><span class=\"ez-toc-section\" id=\"welche-steuern-zahlt-der-prop-trader\"><\/span>Welche Steuern zahlt der Prop Trader?<span class=\"ez-toc-section-end\"><\/span><\/h3>\n<p>Ein <strong>Prop Trader bezahlt die Einkommenssteuer<\/strong>. Wer mit einer GmbH einen Account bei einer Prop Trading Firma er\u00f6ffnet hat, zahlt Gewerbe- und K\u00f6rperschaftssteuer. Lesen Sie hierzu mehr unter \u201e<a href=\"#generell-prop-trader-nur-einkommensteuerpflichtig\">Generell: Prop Trader nur einkommensteuerpflichtig<\/a>\u201c<\/p>\n<h3><span class=\"ez-toc-section\" id=\"benoetige-ich-fuer-das-prop-trading-einen-gewerbeschein\"><\/span>Ben\u00f6tige ich f\u00fcr das Prop Trading einen Gewerbeschein?<span class=\"ez-toc-section-end\"><\/span><\/h3>\n<p>Ja. Ohne Gewerbeanmeldung k\u00f6nnen Sie nicht professionell handeln. Sie <strong>ben\u00f6tigen das Gewerbe und die Registrierung beim Finanzamt<\/strong>, um dem Prop Trade Anbieter Ihre Rechnungen stellen zu k\u00f6nnen. Weitere Informationen lesen Sie im Abschnitt \u201e<a href=\"#prop-trading-ist-eine-gewerbliche-taetigkeit\">Prop Trading ist eine gewerbliche T\u00e4tigkeit<\/a>\u201c.<\/p>\n<h3><span class=\"ez-toc-section\" id=\"kann-ich-fuer-das-prop-trading-geschaeft-eine-gmbh-gruenden\"><\/span>Kann ich f\u00fcr das Prop Trading Gesch\u00e4ft eine GmbH gr\u00fcnden?<span class=\"ez-toc-section-end\"><\/span><\/h3>\n<p>Ja, sie k\u00f6nnen f\u00fcr das Prop Trading Business eine GmbH gr\u00fcnden. Eine juristische Person hat f\u00fcr Sie <strong>Vor- und Nachteile bez\u00fcglich der Prop Trading Steuer<\/strong>. Alle Informationen gibt\u2019s im Abschnitt \u201e<a href=\"#so-hoch-ist-ihre-prop-trading-steuer\">So hoch ist Ihre Prop Trading Steuer<\/a>\u201c.<\/p>\n<h3><span class=\"ez-toc-section\" id=\"wer-hilft-mir-bei-der-prop-trading-steueranmeldung\"><\/span>Wer hilft mir bei der Prop Trading Steueranmeldung?<span class=\"ez-toc-section-end\"><\/span><\/h3>\n<p>Sie sollten die Steuererkl\u00e4rung nie allein machen. Suchen Sie sich <strong>immer einen qualifizierten Steuerberater<\/strong>, der gleichzeitig das Prop Trading Gesch\u00e4ft versteht. Meine Empfehlung lesen Sie unter \u201e<a href=\"#prop-trading-steuer-rat-vom-steuerberater-holen\">Prop Trading Steuer: Rat vom Steuerberater holen<\/a>\u201c.<\/p>\n","protected":false},"excerpt":{"rendered":"<p>Als erfolgreicher Prop Trader werden Sie im Rahmen der ersten Auszahlung schnell mit dem Thema der Prop Trading Steuer konfrontiert. Doch was bedeutet dies \u00fcberhaupt? In diesem Ratgeber gehe ich auf das Thema Steuern beim Prop Trading genauer ein und werde dabei insbesondere erl\u00e4utern, wie Sie Ihre Gewinne aus dem Prop Trading versteuern m\u00fcssen, welche &#8230; <a title=\"Prop Trading Steuern einfach erkl\u00e4rt\" class=\"read-more\" href=\"https:\/\/www.proptradingscam.com\/de\/steuern\/\" aria-label=\"Mehr Informationen \u00fcber Prop Trading Steuern einfach erkl\u00e4rt\">Weiterlesen<\/a><\/p>\n","protected":false},"author":2,"featured_media":0,"parent":0,"menu_order":0,"comment_status":"closed","ping_status":"closed","template":"","meta":{"footnotes":""},"class_list":["post-1144","page","type-page","status-publish"],"_links":{"self":[{"href":"https:\/\/www.proptradingscam.com\/de\/wp-json\/wp\/v2\/pages\/1144","targetHints":{"allow":["GET"]}}],"collection":[{"href":"https:\/\/www.proptradingscam.com\/de\/wp-json\/wp\/v2\/pages"}],"about":[{"href":"https:\/\/www.proptradingscam.com\/de\/wp-json\/wp\/v2\/types\/page"}],"author":[{"embeddable":true,"href":"https:\/\/www.proptradingscam.com\/de\/wp-json\/wp\/v2\/users\/2"}],"replies":[{"embeddable":true,"href":"https:\/\/www.proptradingscam.com\/de\/wp-json\/wp\/v2\/comments?post=1144"}],"version-history":[{"count":0,"href":"https:\/\/www.proptradingscam.com\/de\/wp-json\/wp\/v2\/pages\/1144\/revisions"}],"wp:attachment":[{"href":"https:\/\/www.proptradingscam.com\/de\/wp-json\/wp\/v2\/media?parent=1144"}],"curies":[{"name":"wp","href":"https:\/\/api.w.org\/{rel}","templated":true}]}}